{"id":48,"date":"2021-10-04T16:10:42","date_gmt":"2021-10-04T07:10:42","guid":{"rendered":"https:\/\/www.msg-japanese.jp\/?page_id=48"},"modified":"2021-10-04T16:10:42","modified_gmt":"2021-10-04T07:10:42","slug":"complete","status":"publish","type":"page","link":"https:\/\/www.msg-japanese.jp\/vi\/contact\/complete","title":{"rendered":"\u0110\u00e3 g\u1eedi"},"content":{"rendered":"<p>\n<p class=\"al-c p-t-50 p-b-50\">Y\u00eau c\u1ea7u c\u1ee7a b\u1ea1n \u0111\u00e3 \u0111\u01b0\u1ee3c g\u1eedi.<br><br \/>\nCh\u00fang t\u00f4i s\u1ebd ki\u1ec3m tra th\u00f4ng tin chi ti\u1ebft v\u00e0 li\u00ean h\u1ec7 l\u1ea1i v\u1edbi b\u1ea1n.<\/p><\/p>","protected":false},"excerpt":{"rendered":"<p>\u304a\u554f\u3044\u5408\u308f\u305b\u5185\u5bb9\u3092\u9001\u4fe1\u3057\u307e\u3057\u305f\u3002 \u5185\u5bb9\u3092\u78ba\u8a8d\u3057\u3001\u6298\u308a\u8fd4\u3057\u3054\u9023\u7d61\u3044\u305f\u3057\u307e\u3059\u3002<\/p>","protected":false},"author":3,"featured_media":0,"parent":35,"menu_order":0,"comment_status":"closed","ping_status":"closed","template":"","meta":{"footnotes":""},"class_list":["post-48","page","type-page","status-publish","hentry"],"_links":{"self":[{"href":"https:\/\/www.msg-japanese.jp\/vi\/wp-json\/wp\/v2\/pages\/48","targetHints":{"allow":["GET"]}}],"collection":[{"href":"https:\/\/www.msg-japanese.jp\/vi\/wp-json\/wp\/v2\/pages"}],"about":[{"href":"https:\/\/www.msg-japanese.jp\/vi\/wp-json\/wp\/v2\/types\/page"}],"author":[{"embeddable":true,"href":"https:\/\/www.msg-japanese.jp\/vi\/wp-json\/wp\/v2\/users\/3"}],"replies":[{"embeddable":true,"href":"https:\/\/www.msg-japanese.jp\/vi\/wp-json\/wp\/v2\/comments?post=48"}],"version-history":[{"count":0,"href":"https:\/\/www.msg-japanese.jp\/vi\/wp-json\/wp\/v2\/pages\/48\/revisions"}],"up":[{"embeddable":true,"href":"https:\/\/www.msg-japanese.jp\/vi\/wp-json\/wp\/v2\/pages\/35"}],"wp:attachment":[{"href":"https:\/\/www.msg-japanese.jp\/vi\/wp-json\/wp\/v2\/media?parent=48"}],"curies":[{"name":"trang web","href":"https:\/\/api.w.org\/{rel}","templated":true}]}}