{"id":33,"date":"2021-09-24T15:42:47","date_gmt":"2021-09-24T06:42:47","guid":{"rendered":"https:\/\/www.msg-japanese.jp\/?page_id=33"},"modified":"2021-10-25T17:05:09","modified_gmt":"2021-10-25T08:05:09","slug":"voice","status":"publish","type":"page","link":"https:\/\/www.msg-japanese.jp\/vi\/schoollife\/voice","title":{"rendered":"Nh\u1eadn x\u00e9t t\u1eeb sinh vi\u00ean t\u1ed1t nghi\u1ec7p"},"content":{"rendered":"<p>\n<h2 class=\"t_sub m-t-0\">Nh\u1eadn x\u00e9t t\u1eeb sinh vi\u00ean t\u1ed1t nghi\u1ec7p<\/h2>\n<br \/>\n<div class=\"voice_box\">\n\t<div class=\"voice_photo\"><img decoding=\"async\" src=\"https:\/\/www.msg-japanese.jp\/contents\/wp-content\/themes\/msg-japanese\/images\/voice1.jpg\"><\/div>\n\t<div class=\"voice_text\">\n\t\t<strong><br \/>\n\t\t\t<span>L\u1edbp 2019<\/span><br \/>\n\t\t\tMai Th\u1ecb Thu Th\u1ee7y Qu\u1ed1c t\u1ecbch: Vi\u1ec7t Nam<br \/>\n\t\t<\/strong><br \/>\n\t\t<p>Khi c\u00f2n h\u1ecdc khoa ti\u1ebfng Nh\u1eadt, t\u00f4i lu\u00f4n n\u1ed7 l\u1ef1c h\u1ebft m\u00ecnh v\u1edbi m\u1ee5c ti\u00eau \u0111\u1ea1t gi\u1ea3i nh\u1ea5t trong c\u00e1c k\u1ef3 thi. T\u00f4i c\u0169ng mong mu\u1ed1n \u0111\u01b0\u1ee3c tham gia v\u00e0 tr\u1ea3i nghi\u1ec7m nhi\u1ec1u ho\u1ea1t \u0111\u1ed9ng kh\u00e1c nhau. T\u00f4i th\u1ef1c s\u1ef1 th\u00edch hai n\u0103m h\u1ecdc \u1edf khoa ti\u1ebfng Nh\u1eadt. B\u00e2y gi\u1edd t\u00f4i \u0111ang \u0111i h\u1ecdc \u1edf m\u1ed9t tr\u01b0\u1eddng kh\u00e1c ngo\u00e0i t\u1ec9nh, t\u00f4i r\u1ea5t nh\u1edb Miyazaki.<\/p>\n\t\t<p>T\u00f4i hy v\u1ecdng m\u1ecdi ng\u01b0\u1eddi s\u1ebd c\u00f3 nhi\u1ec1u k\u1ef7 ni\u1ec7m khi \u1edf Miyazaki. C\u00e1c gi\u00e1o vi\u00ean \u1edf tr\u01b0\u1eddng r\u1ea5t t\u1eed t\u1ebf, v\u00ec v\u1eady b\u1ea1n h\u00e3y tho\u1ea3i m\u00e1i trao \u0111\u1ed5i v\u1edbi h\u1ecd v\u1ec1 b\u1ea5t k\u1ef3 v\u1ea5n \u0111\u1ec1 n\u00e0o b\u1ea1n g\u1eb7p ph\u1ea3i. \u0110\u1eebng qu\u00ean m\u1ee5c ti\u00eau c\u1ee7a b\u1ea1n khi \u0111\u1ebfn Nh\u1eadt B\u1ea3n v\u00e0 h\u00e3y c\u1ed1 g\u1eafng h\u1ebft s\u1ee9c \u0111\u1ec3 h\u1ecdc ti\u1ebfng Nh\u1eadt. C\u00f4 gi\u00e1o v\u00e0 t\u00f4i lu\u00f4n \u1ee7ng h\u1ed9 em.<\/p>\n\t<\/div>\n<\/div>\n<br \/>\n<div class=\"voice_box\">\n\t<div class=\"voice_photo\"><img decoding=\"async\" src=\"https:\/\/www.msg-japanese.jp\/contents\/wp-content\/themes\/msg-japanese\/images\/voice2.jpg\"><\/div>\n\t<div class=\"voice_text\">\n\t\t<strong><br \/>\n\t\t\t<span>L\u1edbp 2020<\/span><br \/>\n\t\t\tYoon So-yoon Qu\u1ed1c t\u1ecbch: H\u00e0n Qu\u1ed1c<br \/>\n\t\t<\/strong><br \/>\n\t\t<p>R\u1ea5t vui \u0111\u01b0\u1ee3c g\u1eb7p b\u1ea1n! T\u00ean t\u00f4i l\u00e0 Soyun v\u00e0 t\u00f4i \u0111\u1ebfn t\u1eeb H\u00e0n Qu\u1ed1c c\u00e1ch \u0111\u00e2y hai n\u0103m r\u01b0\u1ee1i. Tr\u00ean th\u1ef1c t\u1ebf, khu v\u1ef1c Miyazaki kh\u00f4ng \u0111\u01b0\u1ee3c bi\u1ebft \u0111\u1ebfn nhi\u1ec1u \u1edf H\u00e0n Qu\u1ed1c. V\u00ec v\u1eady, t\u00f4i th\u1eadm ch\u00ed ch\u01b0a bao gi\u1edd m\u01a1 t\u1edbi vi\u1ec7c \u0111i du h\u1ecdc \u1edf Miyazaki.<\/p>\n\t\t<p>Tuy nhi\u00ean, m\u1ed9t ng\u01b0\u1eddi b\u1ea1n th\u1eddi th\u01a1 \u1ea5u c\u1ee7a t\u00f4i \u0111\u00e3 t\u1ed1t nghi\u1ec7p khoa ti\u1ebfng Nh\u1eadt c\u1ee7a tr\u01b0\u1eddng n\u00e0y v\u00e0 gi\u1edbi thi\u1ec7u ng\u00f4i tr\u01b0\u1eddng n\u00e0y v\u1edbi t\u00f4i. V\u00e0o th\u1eddi \u0111i\u1ec3m \u0111\u00f3, t\u00f4i mu\u1ed1n s\u1ed1ng \u1edf Nh\u1eadt B\u1ea3n, nh\u01b0ng t\u00f4i kh\u00f4ng n\u00f3i \u0111\u01b0\u1ee3c ti\u1ebfng Nh\u1eadt, v\u00ec v\u1eady t\u00f4i lo l\u1eafng kh\u00f4ng bi\u1ebft m\u00ecnh c\u00f3 th\u1ec3 s\u1ed1ng m\u1ed9t m\u00ecnh \u1edf Miyazaki hay kh\u00f4ng, n\u01a1i h\u1ea7u nh\u01b0 kh\u00f4ng c\u00f3 ng\u01b0\u1eddi H\u00e0n Qu\u1ed1c. Nh\u01b0ng t\u00f4i \u0111\u00e3 l\u1ea5y h\u1ebft can \u0111\u1ea3m \u0111\u1ec3 \u0111\u1ebfn Miyazaki. Trong bu\u1ed5i h\u1ecdc \u0111\u1ea7u ti\u00ean, t\u00f4i kh\u00f4ng hi\u1ec3u b\u1ea5t c\u1ee9 \u0111i\u1ec1u g\u00ec gi\u00e1o vi\u00ean n\u00f3i d\u00f9 th\u1ea7y n\u00f3i ch\u1eadm \u0111\u1ebfn m\u1ee9c n\u00e0o.<\/p>\n\t\t<p>T\u00f4i lo r\u1eb1ng gi\u00e1o vi\u00ean s\u1ebd gi\u1eadn t\u00f4i v\u00ec t\u00f4i kh\u00f4ng hi\u1ec3u m\u1ed9t \u0111i\u1ec1u \u0111\u01a1n gi\u1ea3n nh\u01b0 v\u1eady, nh\u01b0ng khi th\u1ea5y c\u00e1c gi\u00e1o vi\u00ean t\u1eed t\u1ebf gi\u1ea3i th\u00edch t\u1eebng b\u01b0\u1edbc m\u1ed9t, n\u1ed7i lo c\u1ee7a t\u00f4i \u0111\u00e3 bi\u1ebfn m\u1ea5t. H\u1ecd lo li\u1ec7u m\u1ecdi vi\u1ec7c t\u1eeb v\u1ea5n \u0111\u1ec1 nh\u00e0 \u1edf \u0111\u1ebfn nhi\u1ec1u kh\u00eda c\u1ea1nh kh\u00e1c c\u1ee7a cu\u1ed9c s\u1ed1ng h\u00e0ng ng\u00e0y, \u0111i\u1ec1u n\u00e0y kh\u00f4ng ch\u1ec9 khi\u1ebfn t\u00f4i m\u00e0 c\u1ea3 gia \u0111\u00ecnh t\u00f4i \u1edf qu\u00ea nh\u00e0 y\u00ean t\u00e2m h\u01a1n. S\u1ef1 h\u1ed7 tr\u1ee3 t\u1eeb c\u00e1c gi\u00e1o vi\u00ean \u0111\u00e3 gi\u00fap \u00edch r\u1ea5t nhi\u1ec1u cho t\u00f4i v\u00ec t\u00f4i s\u1ed1ng m\u1ed9t m\u00ecnh. C\u00e1c th\u00e0nh ph\u1ed1 l\u1edbn th\u00ec tuy\u1ec7t v\u1eddi, nh\u01b0ng t\u00f4i m\u1eebng v\u00ec \u0111\u00e3 du h\u1ecdc \u1edf Miyazaki, n\u01a1i kh\u00f4ng kh\u00ed trong l\u00e0nh v\u00e0 \u1ea5m \u00e1p.<\/p>\n\t<\/div>\n<\/div>\n<br \/>\n<div class=\"voice_box\">\n\t<div class=\"voice_photo\"><img decoding=\"async\" src=\"https:\/\/www.msg-japanese.jp\/contents\/wp-content\/themes\/msg-japanese\/images\/voice3.jpg\"><\/div>\n\t<div class=\"voice_text\">\n\t\t<strong><br \/>\n\t\t\t<span>L\u1edbp 2020<\/span><br \/>\n\t\t\tNeupane Khem Kumari Qu\u1ed1c t\u1ecbch: Nepal<br \/>\n\t\t<\/strong><br \/>\n\t\t<p>T\u00ean t\u00f4i l\u00e0 Neupane Khem Kumari. T\u00f4i \u0111\u1ebfn Nh\u1eadt B\u1ea3n v\u00e0o th\u00e1ng 4 n\u0103m 2019. V\u00e0o th\u1eddi \u0111i\u1ec3m \u0111\u00f3, t\u00f4i c\u00f3 nhi\u1ec1u c\u1ea3m x\u00fac l\u1eabn l\u1ed9n, t\u1ef1 h\u1ecfi m\u00ecnh s\u1ebd s\u1ed1ng nh\u01b0 th\u1ebf n\u00e0o t\u1eeb gi\u1edd tr\u1edf \u0111i v\u00e0 li\u1ec7u t\u00f4i c\u00f3 th\u1ec3 s\u1ed1ng m\u1ed9t m\u00ecnh xa gia \u0111\u00ecnh hay kh\u00f4ng.<\/p>\n\t\t<p>Cu\u1ed9c s\u1ed1ng \u1edf Miyazaki c\u00f3 nhi\u1ec1u l\u00fac vui v\u1ebb, nh\u01b0ng c\u0169ng c\u00f3 nhi\u1ec1u l\u00fac bu\u1ed3n v\u00e0 kh\u00f3 kh\u0103n. B\u1ea5t k\u1ec3 m\u1ecdi vi\u1ec7c c\u00f3 kh\u00f3 kh\u0103n \u0111\u1ebfn \u0111\u00e2u, t\u00f4i v\u1eabn c\u00f3 th\u1ec3 ki\u00ean tr\u00ec nh\u1edd s\u1ef1 gi\u00fap \u0111\u1ee1 v\u00e0 l\u00f2ng t\u1ed1t c\u1ee7a t\u1ea5t c\u1ea3 c\u00e1c gi\u00e1o vi\u00ean. Ch\u00fang t\u00f4i th\u1ef1c s\u1ef1 bi\u1ebft \u01a1n t\u1eeb t\u1eadn \u0111\u00e1y l\u00f2ng.<\/p>\n\t\t<p>M\u1eb7c d\u00f9 \u0111\u00e3 r\u1eddi Miyazaki, t\u00f4i s\u1ebd kh\u00f4ng bao gi\u1edd qu\u00ean hai n\u0103m t\u00f4i \u0111\u00e3 tr\u1ea3i qua \u1edf \u0111\u00f3. T\u00f4i r\u1ea5t vui v\u00ec \u0111\u00e3 \u0111\u1ebfn Miyazaki, k\u1ebft b\u1ea1n v\u1edbi nhi\u1ec1u ng\u01b0\u1eddi v\u00e0 g\u1eb7p \u0111\u01b0\u1ee3c nh\u1eefng gi\u00e1o vi\u00ean ch\u0103m s\u00f3c t\u00f4i nh\u01b0 gia \u0111\u00ecnh.<\/p>\n\t\t<p>D\u00f9 h\u1ecdc \u1edf \u0111\u00e2u, t\u00f4i v\u1eabn ti\u1ebfp t\u1ee5c c\u00f3 \u0111\u01b0\u1ee3c nh\u1eefng tr\u1ea3i nghi\u1ec7m t\u00edch c\u1ef1c t\u1eeb c\u00e1c gi\u00e1o vi\u00ean c\u1ee7a m\u00ecnh \u1edf Miyazaki. V\u00e0 em s\u1ebd c\u1ed1 g\u1eafng h\u1ecdc t\u1eadp ch\u0103m ch\u1ec9 \u0111\u1ec3 m\u1ed9t ng\u00e0y n\u00e0o \u0111\u00f3 em c\u00f3 th\u1ec3 cho c\u00f4 gi\u00e1o th\u1ea5y em \u0111\u00e3 tr\u01b0\u1edfng th\u00e0nh nh\u01b0 th\u1ebf n\u00e0o. T\u00f4i th\u1ef1c s\u1ef1 vui m\u1eebng v\u00ec \u0111\u00e3 \u0111\u1ebfn Miyazaki v\u00ec t\u00f4i c\u00f3 \u0111\u01b0\u1ee3c r\u1ea5t nhi\u1ec1u tr\u1ea3i nghi\u1ec7m tuy\u1ec7t v\u1eddi. Ca\u0309m \u01a1n r\u00e2\u0301t nhi\u00ea\u0300u.<\/p>\n\t<\/div>\n<\/div>\n<br \/>\n<div class=\"voice_box\">\n\t<div class=\"voice_photo\"><img decoding=\"async\" src=\"https:\/\/www.msg-japanese.jp\/contents\/wp-content\/themes\/msg-japanese\/images\/voice4.jpg\"><\/div>\n\t<div class=\"voice_text\">\n\t\t<strong><br \/>\n\t\t\t<span>L\u1edbp 2020<\/span><br \/>\n\t\t\tSo Nennen Qu\u1ed1c t\u1ecbch: Trung Qu\u1ed1c<br \/>\n\t\t<\/strong><br \/>\n\t\t<p>Hai n\u0103m h\u1ecdc \u1edf khoa ti\u1ebfng Nh\u1eadt th\u1ef1c s\u1ef1 l\u00e0 qu\u00e3ng th\u1eddi gian b\u1ed5 \u00edch \u0111\u1ed1i v\u1edbi t\u00f4i. C\u00f3 r\u1ea5t nhi\u1ec1u \u0111i\u1ec1u t\u00f4i \u0111\u00e3 \u0111\u1ea1t \u0111\u01b0\u1ee3c trong hai n\u0103m qua. Tr\u1ea3i nghi\u1ec7m m\u00e0 t\u00f4i c\u00f3 \u0111\u01b0\u1ee3c th\u00f4ng qua &quot;\u0111i\u00eau kh\u1eafc c\u00e1t&quot; l\u00e0 m\u1ed9t tr\u1ea3i nghi\u1ec7m \u0111\u00e1ng nh\u1edb.<\/p>\n\t\t<p>L\u1edbp ch\u00fang t\u00f4i sau \u0111\u00f3 \u0111\u00e3 tr\u1edf th\u00e0nh h\u1ecdc sinh cu\u1ed1i c\u1ea5p v\u00e0 ch\u00fang t\u00f4i nh\u1eadn th\u1ee9c s\u00e2u s\u1eafc r\u1eb1ng gi\u1edd \u0111\u00e2y ch\u00fang t\u00f4i c\u00f3 th\u1ec3 d\u1eabn d\u1eaft c\u00e1c em l\u1edbp d\u01b0\u1edbi. M\u1eb7c d\u00f9 r\u1ea5t lo l\u1eafng, t\u00f4i v\u1eabn nh\u1edb c\u1ea3m gi\u00e1c v\u00f4 c\u00f9ng t\u1ef1 h\u00e0o v\u00e0 ph\u1ea5n kh\u00edch khi th\u00e0nh qu\u1ea3 m\u00e0 ch\u00fang t\u00f4i \u0111\u00e3 d\u00e0y c\u00f4ng t\u1ea1o ra, b\u1ea5t ch\u1ea5p nh\u1eefng lo l\u1eafng ban \u0111\u1ea7u, \u0111\u00e3 \u0111\u01b0\u1ee3c \u0111\u00f3n nh\u1eadn n\u1ed3ng nhi\u1ec7t.<\/p>\n\t<\/div>\n<\/div><\/p>","protected":false},"excerpt":{"rendered":"<p>\u5352\u696d\u751f\u306e\u58f0 2019\u5e74\u5352\u696d \u30de\u30a4\u3000\u30c6\u30a3\u3000\u30c8\u30a5\u3000\u30c8\u30a5\u30a4\u3000\u56fd\u7c4d\uff1a\u30d9\u30c8\u30ca\u30e0 \u79c1\u306f\u65e5\u672c\u8a9e\u79d1\u306b\u3044\u308b\u6642\u3001\u8a66\u9a13\u30671\u4f4d\u306b\u306a\u308b\u3053\u3068\u3092\u76ee\u6a19\u306b\u3044\u3064\u3082\u9811\u5f35\u308a\u307e\u3057\u305f\u3002\u307e\u305f\u3001\u8272\u3005\u306a\u6d3b\u52d5\u306b\u3082\u53c2\u52a0\u3057\u305f\u3044\u3001\u4f53\u9a13\u3057\u305f\u3044\u3068\u3044\u3046\u6c17\u6301\u3061\u3092\u6301\u3063\u3066\u3044\u307e\u3057\u305f\u3002\u65e5\u672c\u8a9e\u79d1\u3067\u306e2\u5e74\u9593\u306f\u672c\u5f53\u306b\u697d\u3057\u304b\u3063\u305f\u3067\u3059\u3002\u4eca\u3001\u770c\u5916\u306b\u9032\u5b66\u3057\u3066\u3001\u5bae\u5d0e\u306e\u3053\u3068\u3092\u3068\u3066\u3082\u61d0\u304b\u3057\u304f\u601d\u3044\u307e\u3059\u3002 \u307f\u306a\u3055\u3093\u3082\u5bae\u5d0e\u306b\u3044\u308b\u3046\u3061\u306b\u305f\u304f\u3055\u3093\u601d\u3044\u51fa\u3092\u4f5c\u3063\u3066\u304f\u3060\u3055\u3044\u3002\u5b66\u6821\u306e\u5148\u751f\u305f\u3061\u306f\u512a\u3057\u3044\u306e\u3067\u3001\u56f0\u308b\u3053\u3068\u304c\u3042\u3063\u3066\u3082\u5b89\u5fc3\u3057\u3066\u5148\u751f\u305f\u3061\u306b\u76f8\u8ac7\u3057\u3066\u304f\u3060\u3055\u3044\u3002\u65e5\u672c\u306b\u6765\u308b\u6642\u306e\u76ee\u6a19\u3092\u5fd8\u308c\u305a\u306b\u3001\u65e5\u672c\u8a9e\u306e\u52c9\u5f37\u3082\u9811\u5f35\u3063\u3066\u304f\u3060\u3055\u3044\u3002\u5148\u751f\u305f\u3061\u3082\u79c1\u3082\u307f\u306a\u3055\u3093\u3092\u3044\u3064\u3082\u5fdc\u63f4\u3057\u3066\u3044\u307e\u3059\u3002 2020\u5e74\u5352\u696d \u30e6\u30f3\u3000\u30bd\u30e6\u30f3\u3000\u56fd\u7c4d\uff1a\u97d3...<\/p>","protected":false},"author":3,"featured_media":0,"parent":15,"menu_order":0,"comment_status":"closed","ping_status":"closed","template":"page-child.php","meta":{"footnotes":""},"class_list":["post-33","page","type-page","status-publish","hentry"],"_links":{"self":[{"href":"https:\/\/www.msg-japanese.jp\/vi\/wp-json\/wp\/v2\/pages\/33","targetHints":{"allow":["GET"]}}],"collection":[{"href":"https:\/\/www.msg-japanese.jp\/vi\/wp-json\/wp\/v2\/pages"}],"about":[{"href":"https:\/\/www.msg-japanese.jp\/vi\/wp-json\/wp\/v2\/types\/page"}],"author":[{"embeddable":true,"href":"https:\/\/www.msg-japanese.jp\/vi\/wp-json\/wp\/v2\/users\/3"}],"replies":[{"embeddable":true,"href":"https:\/\/www.msg-japanese.jp\/vi\/wp-json\/wp\/v2\/comments?post=33"}],"version-history":[{"count":0,"href":"https:\/\/www.msg-japanese.jp\/vi\/wp-json\/wp\/v2\/pages\/33\/revisions"}],"up":[{"embeddable":true,"href":"https:\/\/www.msg-japanese.jp\/vi\/wp-json\/wp\/v2\/pages\/15"}],"wp:attachment":[{"href":"https:\/\/www.msg-japanese.jp\/vi\/wp-json\/wp\/v2\/media?parent=33"}],"curies":[{"name":"trang web","href":"https:\/\/api.w.org\/{rel}","templated":true}]}}