{"id":31,"date":"2021-09-24T15:42:03","date_gmt":"2021-09-24T06:42:03","guid":{"rendered":"https:\/\/www.msg-japanese.jp\/?page_id=31"},"modified":"2021-10-19T09:27:58","modified_gmt":"2021-10-19T00:27:58","slug":"oneday","status":"publish","type":"page","link":"https:\/\/www.msg-japanese.jp\/vi\/schoollife\/oneday","title":{"rendered":"M\u1ed9t ng\u00e0y trong cu\u1ed9c s\u1ed1ng c\u1ee7a m\u1ed9t sinh vi\u00ean"},"content":{"rendered":"<p>\n<h2 class=\"t_sub m-t-0\">Phi\u00ean b\u1ea3n Tr\u01b0\u1eddng h\u1ecdc trong tu\u1ea7n<\/h2>\n<br \/>\n<div class=\"oneday_box\">\n\t<div class=\"oneday_prof\">\n\t\t<div class=\"oneday_img\"><img decoding=\"async\" src=\"https:\/\/www.msg-japanese.jp\/contents\/wp-content\/themes\/msg-japanese\/images\/oneday_st1.jpg\"><\/div>\n\t\t<div class=\"oneday_text\">\n\t\t\t<div class=\"oneday_name\">Tr\u1ea7n Th\u1ecb T\u1ed1 Chinh<span>Qu\u1ed1c t\u1ecbch: Vi\u1ec7t Nam L\u1edbp h\u1ecdc bu\u1ed5i s\u00e1ng<\/span><\/div>\n\t\t\t<p class=\"oneday_desc m-b-0\">T\u00f4i th\u00edch t\u1ef1 n\u1ea5u \u0103n cho m\u00ecnh m\u1ed7i ng\u00e0y. T\u00f4i n\u1ea5u \u0111\u1ed3 \u0103n Vi\u1ec7t Nam v\u1edbi b\u1ea1n c\u00f9ng ph\u00f2ng. M\u00f3n \u0103n Vi\u1ec7t Nam ch\u1ebf bi\u1ebfn b\u1eb1ng nguy\u00ean li\u1ec7u Nh\u1eadt B\u1ea3n c\u0169ng r\u1ea5t ngon.<\/p>\n\t\t<\/div>\n\t<\/div>\n\t<div class=\"oneday_chart\">\n\t\t<img decoding=\"async\" src=\"https:\/\/www.msg-japanese.jp\/contents\/wp-content\/themes\/msg-japanese\/images\/oneday1.png\">\n\t<\/div>\n<\/div>\n<br \/>\n<div class=\"oneday_box\">\n\t<div class=\"oneday_prof\">\n\t\t<div class=\"oneday_img\"><img decoding=\"async\" src=\"https:\/\/www.msg-japanese.jp\/contents\/wp-content\/themes\/msg-japanese\/images\/oneday_st2.jpg\"><\/div>\n\t\t<div class=\"oneday_text\">\n\t\t\t<div class=\"oneday_name\">Y\u00eau c\u1ea7u Dominic Alohado<span>Qu\u1ed1c t\u1ecbch: Philippines L\u1edbp h\u1ecdc bu\u1ed5i chi\u1ec1u<\/span><\/div>\n\t\t\t<p class=\"oneday_desc m-b-0\">T\u00f4i d\u00f9ng th\u1eddi gian ngo\u00e0i gi\u1edd h\u1ecdc \u0111\u1ec3 luy\u1ec7n t\u1eadp giao ti\u1ebfp trong khi l\u00e0m vi\u1ec7c b\u00e1n th\u1eddi gian. Nh\u00e2n ti\u1ec7n, t\u00f4i th\u00edch K-POP v\u00e0 t\u00f4i lu\u00f4n nghe nh\u1ea1c \u0111\u00f3 trong l\u00fac h\u1ecdc b\u00e0i v\u00e0o ban \u0111\u00eam.<\/p>\n\t\t<\/div>\n\t<\/div>\n\t<div class=\"oneday_chart\">\n\t\t<img decoding=\"async\" src=\"https:\/\/www.msg-japanese.jp\/contents\/wp-content\/themes\/msg-japanese\/images\/oneday2.png\">\n\t<\/div>\n<\/div>\n<br \/>\n<div class=\"oneday_box\">\n\t<div class=\"oneday_prof\">\n\t\t<div class=\"oneday_img\"><img decoding=\"async\" src=\"https:\/\/www.msg-japanese.jp\/contents\/wp-content\/themes\/msg-japanese\/images\/oneday_st3.jpg\"><\/div>\n\t\t<div class=\"oneday_text\">\n\t\t\t<div class=\"oneday_name\">T\u0103ng V\u0169 \u00c2n<span>Qu\u1ed1c t\u1ecbch: Trung Qu\u1ed1c L\u1edbp h\u1ecdc bu\u1ed5i chi\u1ec1u<\/span><\/div>\n\t\t\t<p class=\"oneday_desc m-b-0\">\u0110\u00e2y l\u00e0 l\u1ea7n \u0111\u1ea7u ti\u00ean t\u00f4i s\u1ed1ng m\u1ed9t m\u00ecnh n\u00ean t\u00f4i h\u01a1i lo l\u1eafng tr\u01b0\u1edbc khi \u0111\u1ebfn Nh\u1eadt, nh\u01b0ng ng\u00e0y n\u00e0o c\u0169ng r\u1ea5t vui n\u00ean t\u00f4i \u0111\u00e3 nhanh ch\u00f3ng quen d\u1ea7n. T\u00f4i c\u0169ng k\u1ebft b\u1ea1n \u0111\u01b0\u1ee3c v\u1edbi m\u1ed9t s\u1ed1 ng\u01b0\u1eddi. Sau khi t\u1ed1t nghi\u1ec7p, t\u00f4i mu\u1ed1n h\u1ecdc h\u1ed9i h\u1ecda.<\/p>\n\t\t<\/div>\n\t<\/div>\n\t<div class=\"oneday_chart\">\n\t\t<img decoding=\"async\" src=\"https:\/\/www.msg-japanese.jp\/contents\/wp-content\/themes\/msg-japanese\/images\/oneday3.png\">\n\t<\/div>\n<\/div>\n<br \/>\n<h2 class=\"t_sub\">Phi\u00ean b\u1ea3n ng\u00e0y l\u1ec5<\/h2>\n<br \/>\n<div class=\"oneday_box\">\n\t<div class=\"oneday_prof\">\n\t\t<div class=\"oneday_img\"><img decoding=\"async\" src=\"https:\/\/www.msg-japanese.jp\/contents\/wp-content\/themes\/msg-japanese\/images\/oneday_st4.jpg\"><\/div>\n\t\t<div class=\"oneday_text\">\n\t\t\t<div class=\"oneday_name\">L\u00e1 Johnson Kai<span>Qu\u1ed1c t\u1ecbch: M\u1ef9 L\u1edbp h\u1ecdc bu\u1ed5i chi\u1ec1u<\/span><\/div>\n\t\t\t<p class=\"oneday_desc m-b-0\">T\u00f4i y\u00eau thi\u00ean nhi\u00ean v\u00e0 l\u1ed1i s\u1ed1ng c\u1ee7a Miyazaki. V\u00e0o th\u1eddi gian r\u1ea3nh r\u1ed7i, anh th\u00edch l\u01b0\u1edbt s\u00f3ng v\u00e0 ch\u01a1i golf. Ph\u01b0\u01a1ng ng\u1eef Miyazaki m\u00e0 t\u00f4i h\u1ecdc g\u1ea7n \u0111\u00e2y l\u00e0 &quot;tegetege&quot;.<\/p>\n\t\t<\/div>\n\t<\/div>\n\t<div class=\"oneday_chart\">\n\t\t<img decoding=\"async\" src=\"https:\/\/www.msg-japanese.jp\/contents\/wp-content\/themes\/msg-japanese\/images\/oneday4.png\">\n\t<\/div>\n<\/div>\n<br \/>\n<div class=\"oneday_box\">\n\t<div class=\"oneday_prof\">\n\t\t<div class=\"oneday_img\"><img decoding=\"async\" src=\"https:\/\/www.msg-japanese.jp\/contents\/wp-content\/themes\/msg-japanese\/images\/oneday_st5.jpg\"><\/div>\n\t\t<div class=\"oneday_text\">\n\t\t\t<div class=\"oneday_name\">Nin Phyu Khine<span>Qu\u1ed1c t\u1ecbch: Myanmar L\u1edbp h\u1ecdc bu\u1ed5i s\u00e1ng<\/span><\/div>\n\t\t\t<p class=\"oneday_desc m-b-0\">T\u1eeb khi \u0111\u1ebfn Miyazaki, t\u00f4i \u0111\u00e3 k\u1ebft b\u1ea1n v\u1edbi nhi\u1ec1u sinh vi\u00ean qu\u1ed1c t\u1ebf. T\u00f4i c\u00f3 th\u1ec3 t\u00ecm hi\u1ec3u v\u1ec1 nh\u1eefng c\u00e2u chuy\u1ec7n v\u00e0 n\u1ec1n v\u0103n h\u00f3a c\u1ee7a m\u1ed7i qu\u1ed1c gia t\u1eeb b\u1ea1n b\u00e8 c\u1ee7a m\u00ecnh, \u0111i\u1ec1u n\u00e0y th\u1ef1c s\u1ef1 gi\u00fap m\u1edf r\u1ed9ng t\u1ea7m nh\u00ecn c\u1ee7a t\u00f4i.<\/p>\n\t\t<\/div>\n\t<\/div>\n\t<div class=\"oneday_chart\">\n\t\t<img decoding=\"async\" src=\"https:\/\/www.msg-japanese.jp\/contents\/wp-content\/themes\/msg-japanese\/images\/oneday5.png\">\n\t<\/div>\n<\/div><\/p>","protected":false},"excerpt":{"rendered":"<p>\u5e73\u65e5\u5b66\u6821\u7de8 \u30c1\u30e3\u30f3\u3000\u30c6\u30a3\u3000\u30c8\u30a5\u3000\u30c1\u30f3\u56fd\u7c4d\uff1a\u30d9\u30c8\u30ca\u30e0\u3000\u5348\u524d\u30af\u30e9\u30b9 \u6bce\u65e5\u81ea\u708a\u306e\u6642\u9593\u304c\u5927\u597d\u304d\u3067\u3059\u3002\u30eb\u30fc\u30e0\u30e1\u30a4\u30c8\u3068\u30d9\u30c8\u30ca\u30e0\u6599\u7406\u3092\u4f5c\u3063\u305f\u308a\u3057\u307e\u3059\u3002\u65e5\u672c\u306e\u98df\u6750\u3067\u4f5c\u308b\u30d9\u30c8\u30ca\u30e0\u6599\u7406\u3082\u307e\u305f\u304a\u3044\u3057\u3044\u3067\u3059\u3002 \u30ec\u30af\u30a8\u30eb\u30e1\u3000\u30c9\u30df\u30cb\u30af\u3000\u30a2\u30ed\u30cf\u30c9\u56fd\u7c4d\uff1a\u30d5\u30a3\u30ea\u30d4\u30f3\u3000\u5348\u5f8c\u30af\u30e9\u30b9 \u6388\u696d\u4ee5\u5916\u306e\u6642\u9593\u3092\u5229\u7528\u3057\u3066\u3001\u30a2\u30eb\u30d0\u30a4\u30c8\u3057\u306a\u304c\u3089\u4f1a\u8a71\u306e\u7df4\u7fd2\u3092\u3057\u307e\u3059\u3002\u3061\u306a\u307f\u306b\u3001K-POP\u304c\u5927\u597d\u304d\u3067\u3001\u3044\u3064\u3082\u591c\u805e\u304d\u306a\u304c\u3089\u52c9\u5f37\u3057\u3066\u3044\u307e\u3059\u3002 \u66fe\u3000\u923a\u8335\u56fd\u7c4d\uff1a\u4e2d\u56fd\u3000\u5348\u5f8c\u30af\u30e9\u30b9 \u521d\u3081\u3066\u306e\u4e00\u4eba\u66ae\u3089\u3057\u3067\u6765\u65e5\u524d\u5fc3\u914d\u3057\u3066\u3044\u307e\u3057\u305f\u304c\u3001\u6bce\u65e5\u304c\u697d\u3057\u304f\u3066\u3059\u3050\u306b\u6163\u308c\u307e\u3057\u305f\u3002\u53cb\u9054\u3082\u3067\u304d\u307e\u3057\u305f\u3002\u5352\u696d\u5f8c\u306f\u7d75\u306e\u52c9\u5f37\u3092\u3057\u305f\u3044\u3068\u601d\u3044\u307e\u3059\u3002 \u4f11\u65e5\u7de8 \u30b8\u30e7\u30f3\u30bd\u30f3\u3000\u30ab\u30a4\u3000\u30ea\u30fc\u30d5\u56fd\u7c4d\uff1a\u30a2\u30e1\u30ea\u30ab\u3000\u5348\u5f8c\u30af\u30e9...<\/p>","protected":false},"author":3,"featured_media":0,"parent":15,"menu_order":0,"comment_status":"closed","ping_status":"closed","template":"page-child.php","meta":{"footnotes":""},"class_list":["post-31","page","type-page","status-publish","hentry"],"_links":{"self":[{"href":"https:\/\/www.msg-japanese.jp\/vi\/wp-json\/wp\/v2\/pages\/31","targetHints":{"allow":["GET"]}}],"collection":[{"href":"https:\/\/www.msg-japanese.jp\/vi\/wp-json\/wp\/v2\/pages"}],"about":[{"href":"https:\/\/www.msg-japanese.jp\/vi\/wp-json\/wp\/v2\/types\/page"}],"author":[{"embeddable":true,"href":"https:\/\/www.msg-japanese.jp\/vi\/wp-json\/wp\/v2\/users\/3"}],"replies":[{"embeddable":true,"href":"https:\/\/www.msg-japanese.jp\/vi\/wp-json\/wp\/v2\/comments?post=31"}],"version-history":[{"count":0,"href":"https:\/\/www.msg-japanese.jp\/vi\/wp-json\/wp\/v2\/pages\/31\/revisions"}],"up":[{"embeddable":true,"href":"https:\/\/www.msg-japanese.jp\/vi\/wp-json\/wp\/v2\/pages\/15"}],"wp:attachment":[{"href":"https:\/\/www.msg-japanese.jp\/vi\/wp-json\/wp\/v2\/media?parent=31"}],"curies":[{"name":"trang web","href":"https:\/\/api.w.org\/{rel}","templated":true}]}}