{"id":28,"date":"2021-09-24T15:41:24","date_gmt":"2021-09-24T06:41:24","guid":{"rendered":"https:\/\/www.msg-japanese.jp\/?page_id=28"},"modified":"2021-11-01T09:27:09","modified_gmt":"2021-11-01T00:27:09","slug":"miyazaki","status":"publish","type":"page","link":"https:\/\/www.msg-japanese.jp\/vi\/schoollife\/miyazaki","title":{"rendered":"V\u1ec1 Miyazaki"},"content":{"rendered":"<p>\n<h2 class=\"t_sub m-t-0\">V\u1ec1 Miyazaki<\/h2>\n<br \/>\n<h3 class=\"t_inner\">V\u1ec1 Miyazaki, Kyushu<\/h3>\n<br \/>\n<ul class=\"list-icon-kuro icon-blue m-b-30\">\n\t<li>N\u1eb1m \u1edf ph\u00eda Nam Kyushu, n\u01a1i \u0111\u00e2y n\u1ed5i ti\u1ebfng v\u1edbi kh\u00ed h\u1eadu \u1ea5m \u00e1p v\u00e0 l\u00e0 \u0111i\u1ec3m \u0111\u1ebfn ngh\u1ec9 d\u01b0\u1ee1ng.<\/li>\n\t<li>B\u1ea1n c\u00f3 th\u1ec3 t\u1eadn h\u01b0\u1edfng tr\u1ea3i nghi\u1ec7m du h\u1ecdc c\u1ee7a m\u00ecnh trong m\u1ed9t m\u00f4i tr\u01b0\u1eddng th\u01b0 gi\u00e3n, tr\u00e1nh xa s\u1ef1 \u1ed3n \u00e0o v\u00e0 n\u00e1o nhi\u1ec7t c\u1ee7a th\u00e0nh ph\u1ed1 v\u00e0 g\u1ea7n g\u0169i v\u1edbi thi\u00ean nhi\u00ean nh\u01b0 bi\u1ec3n v\u00e0 n\u00fai.<\/li>\n\t<li>Gi\u00e1 c\u1ea3 \u1edf \u0111\u00e2y thu\u1ed9c lo\u1ea1i th\u1ea5p nh\u1ea5t c\u1ea3 n\u01b0\u1edbc, khi\u1ebfn n\u01a1i \u0111\u00e2y tr\u1edf th\u00e0nh n\u01a1i d\u1ec5 s\u1ed1ng. Chi ph\u00ed sinh ho\u1ea1t trung b\u00ecnh h\u00e0ng th\u00e1ng c\u1ee7a sinh vi\u00ean: 60.000 \u0111\u1ebfn 90.000 y\u00ean (ch\u01b0a bao g\u1ed3m h\u1ecdc ph\u00ed)<\/li>\n\t<li>X\u1ebfp h\u1ea1ng \u0111\u1ea7u ti\u00ean trong b\u1ea3ng x\u1ebfp h\u1ea1ng h\u1ea1nh ph\u00fac qu\u1ed1c gia c\u1ee7a Nh\u1eadt B\u1ea3n trong n\u0103m th\u1ee9 hai li\u00ean ti\u1ebfp Ngu\u1ed3n: Kh\u1ea3o s\u00e1t SDG c\u1ee7a t\u1ec9nh n\u0103m 2020 (Vi\u1ec7n nghi\u00ean c\u1ee9u th\u01b0\u01a1ng hi\u1ec7u)<\/li>\n\t<li>Tr\u01b0\u1eddng c\u1ee7a ch\u00fang t\u00f4i t\u1ecda l\u1ea1c t\u1ea1i trung t\u00e2m th\u00e0nh ph\u1ed1 Miyazaki, g\u1ea7n nh\u00e0 ga v\u00e0 trung t\u00e2m mua s\u1eafm, v\u00e0 ch\u1ec9 c\u1ea7n \u0111i b\u1ed9 l\u00e0 \u0111\u1ebfn c\u00e1c c\u01a1 quan c\u00f4ng c\u1ed9ng th\u01b0\u1eddng xuy\u00ean \u0111\u01b0\u1ee3c sinh vi\u00ean qu\u1ed1c t\u1ebf lui t\u1edbi, ch\u1eb3ng h\u1ea1n nh\u01b0 t\u00f2a th\u1ecb ch\u00ednh v\u00e0 c\u1ee5c di tr\u00fa.<\/li>\n<\/ul>\n<br \/>\n<h3 class=\"t_inner\">\u0110i\u1ec3m tham quan du l\u1ecbch \u1edf Miyazaki<\/h3>\n<br \/>\n<ul class=\"tile a2-b2-c2-d3 am10-bm15-cm20\">\n\t<li><a href=\"https:\/\/www.msg-japanese.jp\/vi\/contents\/wp-content\/themes\/msg-japanese\/images\/kankou1_full.jpg\/\"><img decoding=\"async\" src=\"https:\/\/www.msg-japanese.jp\/contents\/wp-content\/themes\/msg-japanese\/images\/kankou1.jpg\"><\/a><span class=\"caption\">H\u1ebbm n\u00fai Takachiho<\/span><\/li>\n\t<li><a href=\"https:\/\/www.msg-japanese.jp\/vi\/contents\/wp-content\/themes\/msg-japanese\/images\/kankou2.jpg\/\"><img decoding=\"async\" src=\"https:\/\/www.msg-japanese.jp\/contents\/wp-content\/themes\/msg-japanese\/images\/kankou2.jpg\"><\/a><span class=\"caption\">Umagase<\/span><\/li>\n\t<li><a href=\"https:\/\/www.msg-japanese.jp\/vi\/contents\/wp-content\/themes\/msg-japanese\/images\/kankou3.jpg\/\"><img decoding=\"async\" src=\"https:\/\/www.msg-japanese.jp\/contents\/wp-content\/themes\/msg-japanese\/images\/kankou3.jpg\"><\/a><span class=\"caption\">\u0110\u1ed3i ch\u00f4n c\u1ea5t Saitobaru<\/span><\/li>\n\t<li><a href=\"https:\/\/www.msg-japanese.jp\/vi\/contents\/wp-content\/themes\/msg-japanese\/images\/kankou4.jpg\/\"><img decoding=\"async\" src=\"https:\/\/www.msg-japanese.jp\/contents\/wp-content\/themes\/msg-japanese\/images\/kankou4.jpg\"><\/a><span class=\"caption\">Thanh \u0110\u1ea3o<\/span><\/li>\n\t<li><a href=\"https:\/\/www.msg-japanese.jp\/vi\/contents\/wp-content\/themes\/msg-japanese\/images\/kankou5.jpg\/\"><img decoding=\"async\" src=\"https:\/\/www.msg-japanese.jp\/contents\/wp-content\/themes\/msg-japanese\/images\/kankou5.jpg\"><\/a><span class=\"caption\">\u0110\u1ec1n Udo<\/span><\/li>\n\t<li><a href=\"https:\/\/www.msg-japanese.jp\/vi\/contents\/wp-content\/themes\/msg-japanese\/images\/kankou6.jpg\/\"><img decoding=\"async\" src=\"https:\/\/www.msg-japanese.jp\/contents\/wp-content\/themes\/msg-japanese\/images\/kankou6.jpg\"><\/a><span class=\"caption\">M\u0169i Toi<\/span><\/li>\n\t<li><a href=\"https:\/\/www.msg-japanese.jp\/vi\/contents\/wp-content\/themes\/msg-japanese\/images\/kankou7_full.jpg\/\"><img decoding=\"async\" src=\"https:\/\/www.msg-japanese.jp\/contents\/wp-content\/themes\/msg-japanese\/images\/kankou7.jpg\"><\/a><span class=\"caption\">C\u1ea7u treo Aya no Teruha<\/span><\/li>\n\t<li><a href=\"https:\/\/www.msg-japanese.jp\/vi\/contents\/wp-content\/themes\/msg-japanese\/images\/kankou8.jpg\/\"><img decoding=\"async\" src=\"https:\/\/www.msg-japanese.jp\/contents\/wp-content\/themes\/msg-japanese\/images\/kankou8.jpg\"><\/a><span class=\"caption\">Cao nguy\u00ean Ebino<\/span><\/li>\n<\/ul>\n<br \/>\n<div class=\"m-t-20 size-14 al-r\">Ngu\u1ed3n:<a href=\"https:\/\/www.kanko-miyazaki.jp\/\" target=\"_blank\" rel=\"noopener\">Hi\u1ec7p h\u1ed9i du l\u1ecbch t\u1ec9nh Miyazaki<\/a><\/div>\n<br \/>\n<h3 class=\"t_inner\">Th\u00e0nh ph\u1ed1 Miyazaki<\/h3>\n<br \/>\n<ul class=\"tile a2-b2-c2-d3 am10-bm15-cm20\">\n\t<li><a href=\"https:\/\/www.msg-japanese.jp\/vi\/contents\/wp-content\/themes\/msg-japanese\/images\/shinai01.jpg\/\"><img decoding=\"async\" src=\"https:\/\/www.msg-japanese.jp\/contents\/wp-content\/themes\/msg-japanese\/images\/shinai01.jpg\"><\/a><span class=\"caption\">B\u1ea3o t\u00e0ng t\u1ec9nh Miyazaki<\/span><\/li>\n\t<li><a href=\"https:\/\/www.msg-japanese.jp\/vi\/contents\/wp-content\/themes\/msg-japanese\/images\/shinai02.jpg\/\"><img decoding=\"async\" src=\"https:\/\/www.msg-japanese.jp\/contents\/wp-content\/themes\/msg-japanese\/images\/shinai02.jpg\"><\/a><span class=\"caption\">B\u1ea3o t\u00e0ng ngh\u1ec7 thu\u1eadt t\u1ec9nh Miyazaki<\/span><\/li>\n\t<li><a href=\"https:\/\/www.msg-japanese.jp\/vi\/contents\/wp-content\/themes\/msg-japanese\/images\/shinai03.jpg\/\"><img decoding=\"async\" src=\"https:\/\/www.msg-japanese.jp\/contents\/wp-content\/themes\/msg-japanese\/images\/shinai03.jpg\"><\/a><span class=\"caption\">Th\u01b0 vi\u1ec7n t\u1ec9nh Miyazaki<\/span><\/li>\n\t<li><a href=\"https:\/\/www.msg-japanese.jp\/vi\/contents\/wp-content\/themes\/msg-japanese\/images\/shinai04.jpg\/\"><img decoding=\"async\" src=\"https:\/\/www.msg-japanese.jp\/contents\/wp-content\/themes\/msg-japanese\/images\/shinai04.jpg\"><\/a><span class=\"caption\">B\u1ea3o t\u00e0ng khoa h\u1ecdc Miyazaki<\/span><\/li>\n\t<li><a href=\"https:\/\/www.msg-japanese.jp\/vi\/contents\/wp-content\/themes\/msg-japanese\/images\/shinai05_full.jpg\/\"><img decoding=\"async\" src=\"https:\/\/www.msg-japanese.jp\/contents\/wp-content\/themes\/msg-japanese\/images\/shinai05.jpg\"><\/a><span class=\"caption\">V\u01b0\u1eddn th\u00fa Ph\u01b0\u1ee3ng Ho\u00e0ng th\u00e0nh ph\u1ed1 Miyazaki<\/span><\/li>\n\t<li><a href=\"https:\/\/www.msg-japanese.jp\/vi\/contents\/wp-content\/themes\/msg-japanese\/images\/shinai06.jpg\/\"><img decoding=\"async\" src=\"https:\/\/www.msg-japanese.jp\/contents\/wp-content\/themes\/msg-japanese\/images\/shinai06.jpg\"><\/a><span class=\"caption\">S\u00e2n bay Miyazaki Bougainvillea<\/span><\/li>\n\t<li><a href=\"https:\/\/www.msg-japanese.jp\/vi\/contents\/wp-content\/themes\/msg-japanese\/images\/shinai07.jpg\/\"><img decoding=\"async\" src=\"https:\/\/www.msg-japanese.jp\/contents\/wp-content\/themes\/msg-japanese\/images\/shinai07.jpg\"><\/a><span class=\"caption\">V\u0103n ph\u00f2ng T\u1ec9nh Miyazaki<\/span><\/li>\n\t<li><a href=\"https:\/\/www.msg-japanese.jp\/vi\/contents\/wp-content\/themes\/msg-japanese\/images\/shinai08.jpg\/\"><img decoding=\"async\" src=\"https:\/\/www.msg-japanese.jp\/contents\/wp-content\/themes\/msg-japanese\/images\/shinai08.jpg\"><\/a><span class=\"caption\">C\u00f4ng vi\u00ean b\u1edd bi\u1ec3n Miyazaki<\/span><\/li>\n\t<li><a href=\"https:\/\/www.msg-japanese.jp\/vi\/contents\/wp-content\/themes\/msg-japanese\/images\/shinai09_full.jpg\/\"><img decoding=\"async\" src=\"https:\/\/www.msg-japanese.jp\/contents\/wp-content\/themes\/msg-japanese\/images\/shinai09.jpg\"><\/a><span class=\"caption\">Chi\u1ebfu s\u00e1ng Arcade \u0110\u1ea1i l\u1ed9 1<\/span><\/li>\n\t<li><a href=\"https:\/\/www.msg-japanese.jp\/vi\/contents\/wp-content\/themes\/msg-japanese\/images\/shinai10.jpg\/\"><img decoding=\"async\" src=\"https:\/\/www.msg-japanese.jp\/contents\/wp-content\/themes\/msg-japanese\/images\/shinai10.jpg\"><\/a><span class=\"caption\">L\u1ec5 h\u1ed9i \u0111\u1ec1n Miyazaki<\/span><\/li>\n\t<li><a href=\"https:\/\/www.msg-japanese.jp\/vi\/contents\/wp-content\/themes\/msg-japanese\/images\/shinai11.jpg\/\"><img decoding=\"async\" src=\"https:\/\/www.msg-japanese.jp\/contents\/wp-content\/themes\/msg-japanese\/images\/shinai11.jpg\"><\/a><span class=\"caption\">\u0110\u1ec1n Miyazaki<\/span><\/li>\n\t<li><a href=\"https:\/\/www.msg-japanese.jp\/vi\/contents\/wp-content\/themes\/msg-japanese\/images\/shinai12.jpg\/\"><img decoding=\"async\" src=\"https:\/\/www.msg-japanese.jp\/contents\/wp-content\/themes\/msg-japanese\/images\/shinai12.jpg\"><\/a><span class=\"caption\">Hoa h\u1ed3ng<\/span><\/li>\n\t<li><a href=\"https:\/\/www.msg-japanese.jp\/vi\/contents\/wp-content\/themes\/msg-japanese\/images\/shinai13.jpg\/\"><img decoding=\"async\" src=\"https:\/\/www.msg-japanese.jp\/contents\/wp-content\/themes\/msg-japanese\/images\/shinai13.jpg\"><\/a><span class=\"caption\">\u0110\u00e8o Horikiri<\/span><\/li>\n\t<li><a href=\"https:\/\/www.msg-japanese.jp\/vi\/contents\/wp-content\/themes\/msg-japanese\/images\/shinai14.jpg\/\"><img decoding=\"async\" src=\"https:\/\/www.msg-japanese.jp\/contents\/wp-content\/themes\/msg-japanese\/images\/shinai14.jpg\"><\/a><span class=\"caption\">L\u1ec5 h\u1ed9i ph\u00e1o hoa m\u00f9a h\u00e8 Miyazaki<\/span><\/li>\n\t<li><a href=\"https:\/\/www.msg-japanese.jp\/vi\/contents\/wp-content\/themes\/msg-japanese\/images\/shinai15.jpg\/\"><img decoding=\"async\" src=\"https:\/\/www.msg-japanese.jp\/contents\/wp-content\/themes\/msg-japanese\/images\/shinai15.jpg\"><\/a><span class=\"caption\">Hoa anh \u0111\u00e0o \u1edf c\u00f4ng vi\u00ean Kubo General v\u00e0o ban \u0111\u00eam<\/span><\/li>\n<\/ul>\n<br \/>\n<div class=\"m-t-20 size-14 al-r\">Ngu\u1ed3n:<a href=\"https:\/\/www.kanko-miyazaki.jp\/\" target=\"_blank\" rel=\"noopener\">Hi\u1ec7p h\u1ed9i du l\u1ecbch t\u1ec9nh Miyazaki<\/a><\/div>\n<br \/>\n<h3 class=\"t_inner\">Nhi\u1ec1u trang web h\u1eefu \u00edch cho cu\u1ed9c s\u1ed1ng h\u00e0ng ng\u00e0y<\/h3>\n<br \/>\n<ul class=\"list-icon-kuro icon-blue\">\n\t<li><a href=\"https:\/\/www.city.miyazaki.miyazaki.jp\/\" target=\"_blank\" rel=\"noopener\">T\u00f2a th\u1ecb ch\u00ednh Miyazaki<\/a><\/li>\n\t<li><a href=\"https:\/\/support.mif.or.jp\/\" target=\"_blank\" rel=\"noopener\">Trung t\u00e2m h\u1ed7 tr\u1ee3 ng\u01b0\u1eddi n\u01b0\u1edbc ngo\u00e0i Miyazaki<\/a><\/li>\n\t<li><a href=\"https:\/\/www.mif.or.jp\/\" target=\"_blank\" rel=\"noopener\">Hi\u1ec7p h\u1ed9i qu\u1ed1c t\u1ebf t\u1ec9nh Miyazaki<\/a><\/li>\n\t<li><a href=\"https:\/\/www.moj.go.jp\/isa\/index.html\" target=\"_blank\" rel=\"noopener\">C\u01a1 quan d\u1ecbch v\u1ee5 di tr\u00fa<\/a><\/li>\n\t<li><a href=\"https:\/\/www.kanko-miyazaki.jp\/index.html\" target=\"_blank\" rel=\"noopener\">Th\u00f4ng tin du l\u1ecbch Miyazaki theo m\u00f9a Navi<\/a><\/li>\n\t<li><a href=\"https:\/\/manage.delight-system.com\/threeR\/web\/init\/miyazakishi\" target=\"_blank\" rel=\"noopener\">Khu v\u1ef1c ph\u00e2n lo\u1ea1i r\u00e1c th\u1ea3i c\u1ee7a th\u00e0nh ph\u1ed1 Miyazaki San-aru<\/a><\/li>\n\t<li><a href=\"https:\/\/www.miyazaki-airport.co.jp\/\" target=\"_blank\" rel=\"noopener\">S\u00e2n bay Miyazaki Bougainvillea<\/a><\/li>\n\t<li id=\"access\"><a href=\"https:\/\/www.jrkyushu.co.jp\/railway\/station\/1191904_1601.html\" target=\"_blank\" rel=\"noopener\">Ga JR Miyazaki<\/a><\/li>\n\t<li><a href=\"https:\/\/www.miyakoh.co.jp\/\" target=\"_blank\" rel=\"noopener\">Giao th\u00f4ng v\u1eadn t\u1ea3i Miyazaki<\/a><\/li>\n<\/ul>\n<br \/>\n<h2 class=\"t_sub\">truy c\u1eadp<\/h2>\n<br \/>\n<div class=\"access_address\">\n\t<strong>Khoa ti\u1ebfng Nh\u1eadt c\u1ee7a tr\u01b0\u1eddng Cao \u0111\u1eb3ng Y t\u1ebf Kinh doanh Th\u00f4ng tin Miyazaki<\/strong><br \/>\n\t\u3012880-0801 1-3-7 Oimatsu, Th\u00e0nh ph\u1ed1 Miyazaki, T\u1ec9nh Miyazaki<br \/>\n<\/div>\n<br \/>\n<div class=\"access_map\"><img decoding=\"async\" src=\"https:\/\/www.msg-japanese.jp\/contents\/wp-content\/themes\/msg-japanese\/images\/map.png\"><\/div>\n<br \/>\n<div class=\"access_gmap\"><a href=\"https:\/\/goo.gl\/maps\/EaaLaPK2wtay6FKi6\" target=\"_blank\" rel=\"noopener\">Xem tr\u00ean Google Maps<\/a><\/div>\n<br \/>\n<h3 class=\"t_inner\">Th\u1eddi gian di chuy\u1ec3n t\u1eeb c\u00e1c th\u00e0nh ph\u1ed1 l\u1edbn<\/h3>\n<br \/>\n<table class=\"table_access\">\n\t<tr>\n\t\t<th><div class=\"access_icon\"><img decoding=\"async\" src=\"https:\/\/www.msg-japanese.jp\/contents\/wp-content\/themes\/msg-japanese\/images\/icon_plane.png\"><\/div><\/th>\n\t\t<td>Tokyo <i class=\"icon-right-dir\"><\/i> 2 gi\u1edd 10 ph\u00fat<span class=\"pc600\">\/<\/span><br class=\"sp600\">Osaka <i class=\"icon-right-dir\"><\/i> 1 gi\u1edd 5 ph\u00fat<\/td>\n\t<\/tr>\n<\/table>\n<br \/>\n<table class=\"table_access\">\n\t<tr>\n\t\t<th><div class=\"access_icon\"><img decoding=\"async\" src=\"https:\/\/www.msg-japanese.jp\/contents\/wp-content\/themes\/msg-japanese\/images\/icon_bus.png\"><\/div><\/th>\n\t\t<td class=\"p-r-20\">Fukuoka <i class=\"icon-right-dir\"><\/i> <br class=\"sp600\">4 gi\u1edd 30 ph\u00fat<\/td>\n\t\t<th><div class=\"access_icon\"><img decoding=\"async\" src=\"https:\/\/www.msg-japanese.jp\/contents\/wp-content\/themes\/msg-japanese\/images\/icon_walk.png\"><\/div><\/th>\n\t\t<td>Tokyo <i class=\"icon-right-dir\"><\/i> <br class=\"sp600\">384 gi\u1edd<\/td>\n\t<\/tr>\n<\/table>\n<br \/>\n<h3 class=\"t_inner\">Th\u1eddi gian di chuy\u1ec3n t\u1eeb S\u00e2n bay Miyazaki \u0111\u1ebfn th\u00e0nh ph\u1ed1<\/h3>\n<br \/>\n<table class=\"table_access\">\n\t<tr>\n\t\t<th><div class=\"access_icon\"><img decoding=\"async\" src=\"https:\/\/www.msg-japanese.jp\/contents\/wp-content\/themes\/msg-japanese\/images\/icon_car.png\"><\/div><\/th>\n\t\t<td class=\"p-r-20\">Kho\u1ea3ng 15 ph\u00fat<\/td>\n\t\t<th><div class=\"access_icon\"><img decoding=\"async\" src=\"https:\/\/www.msg-japanese.jp\/contents\/wp-content\/themes\/msg-japanese\/images\/icon_train.png\"><\/div><\/th>\n\t\t<td>Kho\u1ea3ng 20 ph\u00fat<\/td>\n\t<\/tr>\n<\/table><\/p>","protected":false},"excerpt":{"rendered":"<p>\u5bae\u5d0e\u306b\u3064\u3044\u3066 \u4e5d\u5dde\u3000\u5bae\u5d0e\u306b\u3064\u3044\u3066 \u4e5d\u5dde\u5357\u90e8\u306b\u4f4d\u7f6e\u3057\u3001\u6e29\u6696\u3067\u30ea\u30be\u30fc\u30c8\u5730\u3068\u3057\u3066\u3082\u6709\u540d\u3067\u3059\u3002 \u90fd\u4f1a\u306e\u55a7\u9a12\u304c\u306a\u304f\u3001\u6d77\u3084\u5c71\u306a\u3069\u81ea\u7136\u304c\u8eab\u8fd1\u306b\u3042\u308a\u3001\u30ea\u30e9\u30c3\u30af\u30b9\u3067\u304d\u308b\u74b0\u5883\u3067\u7559\u5b66\u751f\u6d3b\u3092\u9001\u308b\u3053\u3068\u304c\u3067\u304d\u307e\u3059\u3002 \u7269\u4fa1\u306e\u5b89\u3055\u304c\u30c8\u30c3\u30d7\u30af\u30e9\u30b9\u3067\u751f\u6d3b\u3057\u3084\u3059\u3044\u3067\u3059\u3002\u5b66\u751f\u306e\u6708\u5e73\u5747\u751f\u6d3b\u8cbb60000\u5186\u301c90000\u5186(\u5b66\u8cbb\u306f\u542b\u307e\u306a\u3044) \u65e5\u672c\u5168\u56fd\u5e78\u798f\u5ea6\u30e9\u30f3\u30ad\u30f3\u30b02\u5e74\u9023\u7d9a1\u4f4d\u7372\u5f97\u3000\u51fa\u5178\u5143\uff1a\u90fd\u9053\u5e9c\u770cSDGs\u8abf\u67fb2020 (\u30d6\u30e9\u30f3\u30c9\u7dcf\u5408\u7814\u7a76\u6240) \u672c\u6821\u306f\u5bae\u5d0e\u5e02\u306e\u4e2d\u5fc3\u90e8\u306b\u3042\u308a\u3001\u99c5\u3001\u30b7\u30e7\u30c3\u30d4\u30f3\u30b0\u30e2\u30fc\u30eb\u306b\u3082\u8fd1\u304f\u3001\u5e02\u5f79\u6240\u3084\u5165\u7ba1\u306a\u3069\u7559\u5b66\u751f\u304c\u3088\u304f\u884c\u304f\u516c\u7684\u6a5f\u95a2\u3082\u5f92\u6b69\u570f\u5185\u3067\u3059\u3002 \u5bae\u5d0e\u306e\u89b3\u5149\u5730 \u9ad8\u5343\u7a42\u5ce1 \u99ac\u30f6\u80cc \u897f\u90fd\u539f\u53e4\u58b3\u7fa4 \u9752\u5cf6 \u9d5c\u6238\u795e\u5bae \u90fd\u4e95\u5cac \u7dbe\u306e\u7167\u8449\u5927\u540a...<\/p>","protected":false},"author":3,"featured_media":0,"parent":15,"menu_order":0,"comment_status":"closed","ping_status":"closed","template":"page-child.php","meta":{"footnotes":""},"class_list":["post-28","page","type-page","status-publish","hentry"],"_links":{"self":[{"href":"https:\/\/www.msg-japanese.jp\/vi\/wp-json\/wp\/v2\/pages\/28","targetHints":{"allow":["GET"]}}],"collection":[{"href":"https:\/\/www.msg-japanese.jp\/vi\/wp-json\/wp\/v2\/pages"}],"about":[{"href":"https:\/\/www.msg-japanese.jp\/vi\/wp-json\/wp\/v2\/types\/page"}],"author":[{"embeddable":true,"href":"https:\/\/www.msg-japanese.jp\/vi\/wp-json\/wp\/v2\/users\/3"}],"replies":[{"embeddable":true,"href":"https:\/\/www.msg-japanese.jp\/vi\/wp-json\/wp\/v2\/comments?post=28"}],"version-history":[{"count":0,"href":"https:\/\/www.msg-japanese.jp\/vi\/wp-json\/wp\/v2\/pages\/28\/revisions"}],"up":[{"embeddable":true,"href":"https:\/\/www.msg-japanese.jp\/vi\/wp-json\/wp\/v2\/pages\/15"}],"wp:attachment":[{"href":"https:\/\/www.msg-japanese.jp\/vi\/wp-json\/wp\/v2\/media?parent=28"}],"curies":[{"name":"trang web","href":"https:\/\/api.w.org\/{rel}","templated":true}]}}