{"id":23,"date":"2021-09-24T15:37:01","date_gmt":"2021-09-24T06:37:01","guid":{"rendered":"https:\/\/www.msg-japanese.jp\/?page_id=23"},"modified":"2021-10-29T15:28:54","modified_gmt":"2021-10-29T06:28:54","slug":"event","status":"publish","type":"page","link":"https:\/\/www.msg-japanese.jp\/vi\/schoollife\/event","title":{"rendered":"S\u1ef1 ki\u1ec7n tr\u01b0\u1eddng h\u1ecdc"},"content":{"rendered":"<p>\n<h2 class=\"t_sub m-t-0\">S\u1ef1 ki\u1ec7n tr\u01b0\u1eddng h\u1ecdc<\/h2>\n<br \/>\n<div class=\"event_box event_box1\">\n\t<div class=\"event_detail\">\n\t\t<div class=\"event_detail_inner\">\n\t\t<div class=\"event_content\">\n\t\t\t<div class=\"event_month\"><img decoding=\"async\" src=\"https:\/\/www.msg-japanese.jp\/contents\/wp-content\/themes\/msg-japanese\/images\/cal_04.png\" alt=\"APRIL\"><\/div><div class=\"event_name\">L\u1ec5 khai gi\u1ea3ng (Kh\u00f3a 1 v\u00e0 kh\u00f3a 2)<\/div>\n\t\t<\/div>\n\t\t<div class=\"event_content\">\n\t\t\t<div class=\"event_month\"><img decoding=\"async\" src=\"https:\/\/www.msg-japanese.jp\/contents\/wp-content\/themes\/msg-japanese\/images\/cal_05.png\" alt=\"MAY\"><\/div><div class=\"event_name\">\u0110\u00e0o t\u1ea1o qua \u0111\u00eam<\/div>\n\t\t<\/div>\n\t\t<div class=\"event_content\">\n\t\t\t<div class=\"event_month\"><img decoding=\"async\" src=\"https:\/\/www.msg-japanese.jp\/contents\/wp-content\/themes\/msg-japanese\/images\/cal_06.png\" alt=\"JUNE\"><\/div><div class=\"event_name\">K\u1ef3 thi tuy\u1ec3n sinh \u0111\u1ea1i h\u1ecdc Nh\u1eadt B\u1ea3n d\u00e0nh cho sinh vi\u00ean qu\u1ed1c t\u1ebf<\/div>\n\t\t<\/div>\n\t\t<\/div>\n\t<\/div>\n\t<div class=\"event_photo\">\n\t\t<div class=\"tile a2\">\n\t\t\t<div><a href=\"https:\/\/www.msg-japanese.jp\/vi\/contents\/wp-content\/themes\/msg-japanese\/images\/event1_1.jpg\/\"><img decoding=\"async\" src=\"https:\/\/www.msg-japanese.jp\/contents\/wp-content\/themes\/msg-japanese\/images\/event1_1.jpg\"><\/a><\/div>\n\t\t\t<div><a href=\"https:\/\/www.msg-japanese.jp\/vi\/contents\/wp-content\/themes\/msg-japanese\/images\/event1_2.jpg\/\"><img decoding=\"async\" src=\"https:\/\/www.msg-japanese.jp\/contents\/wp-content\/themes\/msg-japanese\/images\/event1_2.jpg\"><\/a><\/div>\n\t\t\t<div><a href=\"https:\/\/www.msg-japanese.jp\/vi\/contents\/wp-content\/themes\/msg-japanese\/images\/event1_3.jpg\/\"><img decoding=\"async\" src=\"https:\/\/www.msg-japanese.jp\/contents\/wp-content\/themes\/msg-japanese\/images\/event1_3.jpg\"><\/a><\/div>\n\t\t\t<div><a href=\"https:\/\/www.msg-japanese.jp\/vi\/contents\/wp-content\/themes\/msg-japanese\/images\/event1_4.jpg\/\"><img decoding=\"async\" src=\"https:\/\/www.msg-japanese.jp\/contents\/wp-content\/themes\/msg-japanese\/images\/event1_4.jpg\"><\/a><\/div>\n\t\t<\/div>\n\t<\/div>\n<\/div>\n<br \/>\n<div class=\"event_box event_box2\">\n\t<div class=\"event_detail\">\n\t\t<div class=\"event_detail_inner\">\n\t\t<div class=\"event_content\">\n\t\t\t<div class=\"event_month\"><img decoding=\"async\" src=\"https:\/\/www.msg-japanese.jp\/contents\/wp-content\/themes\/msg-japanese\/images\/cal_07.png\" alt=\"JULY\"><\/div><div class=\"event_name\">T\u1eadp luy\u1ec7n ngo\u00e0i tr\u1eddi<br>K\u1ef3 thi n\u0103ng l\u1ef1c ti\u1ebfng Nh\u1eadt<\/div>\n\t\t<\/div>\n\t\t<div class=\"event_content\">\n\t\t\t<div class=\"event_month\"><img decoding=\"async\" src=\"https:\/\/www.msg-japanese.jp\/contents\/wp-content\/themes\/msg-japanese\/images\/cal_08.png\" alt=\"AUGUST\"><\/div><div class=\"event_name\">K\u1ef3 ngh\u1ec9 h\u00e8<\/div>\n\t\t<\/div>\n\t\t<div class=\"event_content\">\n\t\t\t<div class=\"event_month\"><img decoding=\"async\" src=\"https:\/\/www.msg-japanese.jp\/contents\/wp-content\/themes\/msg-japanese\/images\/cal_09.png\" alt=\"SEPTEMBER\"><\/div><div class=\"event_name\">K\u1ef3 thi cu\u1ed1i k\u1ef3<br>K\u1ef3 ngh\u1ec9 thu<\/div>\n\t\t<\/div>\n\t\t<\/div>\n\t<\/div>\n\t<div class=\"event_photo\">\n\t\t<div class=\"tile a2\">\n\t\t\t<div><a href=\"https:\/\/www.msg-japanese.jp\/vi\/contents\/wp-content\/themes\/msg-japanese\/images\/event2_1.jpg\/\"><img decoding=\"async\" src=\"https:\/\/www.msg-japanese.jp\/contents\/wp-content\/themes\/msg-japanese\/images\/event2_1.jpg\"><\/a><\/div>\n\t\t\t<div><a href=\"https:\/\/www.msg-japanese.jp\/vi\/contents\/wp-content\/themes\/msg-japanese\/images\/event2_2.jpg\/\"><img decoding=\"async\" src=\"https:\/\/www.msg-japanese.jp\/contents\/wp-content\/themes\/msg-japanese\/images\/event2_2.jpg\"><\/a><\/div>\n\t\t\t<div><a href=\"https:\/\/www.msg-japanese.jp\/vi\/contents\/wp-content\/themes\/msg-japanese\/images\/event2_3.jpg\/\"><img decoding=\"async\" src=\"https:\/\/www.msg-japanese.jp\/contents\/wp-content\/themes\/msg-japanese\/images\/event2_3.jpg\"><\/a><\/div>\n\t\t\t<div><a href=\"https:\/\/www.msg-japanese.jp\/vi\/contents\/wp-content\/themes\/msg-japanese\/images\/event2_4.jpg\/\"><img decoding=\"async\" src=\"https:\/\/www.msg-japanese.jp\/contents\/wp-content\/themes\/msg-japanese\/images\/event2_4.jpg\"><\/a><\/div>\n\t\t<\/div>\n\t<\/div>\n<\/div>\n<br \/>\n<div class=\"event_box event_box1\">\n\t<div class=\"event_detail\">\n\t\t<div class=\"event_detail_inner\">\n\t\t<div class=\"event_content\">\n\t\t\t<div class=\"event_month\"><img decoding=\"async\" src=\"https:\/\/www.msg-japanese.jp\/contents\/wp-content\/themes\/msg-japanese\/images\/cal_10.png\" alt=\"OCTOBER\"><\/div><div class=\"event_name\">L\u1ec5 nh\u1eadp h\u1ecdc (kh\u00f3a h\u1ecdc 1,5 n\u0103m)<\/div>\n\t\t<\/div>\n\t\t<div class=\"event_content\">\n\t\t\t<div class=\"event_month\"><img decoding=\"async\" src=\"https:\/\/www.msg-japanese.jp\/contents\/wp-content\/themes\/msg-japanese\/images\/cal_11.png\" alt=\"NOVEMBER\"><\/div><div class=\"event_name\">K\u1ef3 thi tuy\u1ec3n sinh \u0111\u1ea1i h\u1ecdc Nh\u1eadt B\u1ea3n d\u00e0nh cho sinh vi\u00ean qu\u1ed1c t\u1ebf<br>Tr\u00f2 ch\u01a1i b\u00f3ng<\/div>\n\t\t<\/div>\n\t\t<div class=\"event_content\">\n\t\t\t<div class=\"event_month\"><img decoding=\"async\" src=\"https:\/\/www.msg-japanese.jp\/contents\/wp-content\/themes\/msg-japanese\/images\/cal_12.png\" alt=\"DECEMBER\"><\/div><div class=\"event_name\">K\u1ef3 thi n\u0103ng l\u1ef1c ti\u1ebfng Nh\u1eadt<br>T\u1eadp luy\u1ec7n ngo\u00e0i tr\u1eddi<br>L\u1ec5 h\u1ed9i tr\u01b0\u1eddng h\u1ecdc<br>K\u1ef3 ngh\u1ec9 \u0111\u00f4ng<\/div>\n\t\t<\/div>\n\t\t<\/div>\n\t<\/div>\n\t<div class=\"event_photo\">\n\t\t<div class=\"tile a2\">\n\t\t\t<div><a href=\"https:\/\/www.msg-japanese.jp\/vi\/contents\/wp-content\/themes\/msg-japanese\/images\/event3_1.jpg\/\"><img decoding=\"async\" src=\"https:\/\/www.msg-japanese.jp\/contents\/wp-content\/themes\/msg-japanese\/images\/event3_1.jpg\"><\/a><\/div>\n\t\t\t<div><a href=\"https:\/\/www.msg-japanese.jp\/vi\/contents\/wp-content\/themes\/msg-japanese\/images\/event3_2.jpg\/\"><img decoding=\"async\" src=\"https:\/\/www.msg-japanese.jp\/contents\/wp-content\/themes\/msg-japanese\/images\/event3_2.jpg\"><\/a><\/div>\n\t\t\t<div><a href=\"https:\/\/www.msg-japanese.jp\/vi\/contents\/wp-content\/themes\/msg-japanese\/images\/event3_3.jpg\/\"><img decoding=\"async\" src=\"https:\/\/www.msg-japanese.jp\/contents\/wp-content\/themes\/msg-japanese\/images\/event3_3.jpg\"><\/a><\/div>\n\t\t\t<div><a href=\"https:\/\/www.msg-japanese.jp\/vi\/contents\/wp-content\/themes\/msg-japanese\/images\/event3_4.jpg\/\"><img decoding=\"async\" src=\"https:\/\/www.msg-japanese.jp\/contents\/wp-content\/themes\/msg-japanese\/images\/event3_4.jpg\"><\/a><\/div>\n\t\t<\/div>\n\t<\/div>\n<\/div>\n<br \/>\n<div class=\"event_box event_box2\">\n\t<div class=\"event_detail\">\n\t\t<div class=\"event_detail_inner\">\n\t\t<div class=\"event_content\">\n\t\t\t<div class=\"event_month\"><img decoding=\"async\" src=\"https:\/\/www.msg-japanese.jp\/contents\/wp-content\/themes\/msg-japanese\/images\/cal_01.png\" alt=\"JANUARY\"><\/div><div class=\"event_name\">chuy\u1ebfn vi\u1ebfng th\u0103m \u0111\u1ec1n th\u1edd \u0111\u1ea7u ti\u00ean trong n\u0103m<br>C\u00e1ch c\u01b0 x\u1eed tr\u00ean b\u00e0n \u0103n<\/div>\n\t\t<\/div>\n\t\t<div class=\"event_content\">\n\t\t\t<div class=\"event_month\"><img decoding=\"async\" src=\"https:\/\/www.msg-japanese.jp\/contents\/wp-content\/themes\/msg-japanese\/images\/cal_02.png\" alt=\"FEBRUARY\"><\/div><div class=\"event_name\">K\u1ef3 thi cu\u1ed1i k\u1ef3<br>Gi\u1ea3i tr\u00ed t\u1ea1m bi\u1ec7t<\/div>\n\t\t<\/div>\n\t\t<div class=\"event_content\">\n\t\t\t<div class=\"event_month\"><img decoding=\"async\" src=\"https:\/\/www.msg-japanese.jp\/contents\/wp-content\/themes\/msg-japanese\/images\/cal_03.png\" alt=\"MARCH\"><\/div><div class=\"event_name\">L\u1ec5 t\u1ed1t nghi\u1ec7p<br>k\u1ef3 ngh\u1ec9 xu\u00e2n<\/div>\n\t\t<\/div>\n\t\t<\/div>\n\t<\/div>\n\t<div class=\"event_photo\">\n\t\t<div class=\"tile a2\">\n\t\t\t<div><a href=\"https:\/\/www.msg-japanese.jp\/vi\/contents\/wp-content\/themes\/msg-japanese\/images\/event4_1.jpg\/\"><img decoding=\"async\" src=\"https:\/\/www.msg-japanese.jp\/contents\/wp-content\/themes\/msg-japanese\/images\/event4_1.jpg\"><\/a><\/div>\n\t\t\t<div><a href=\"https:\/\/www.msg-japanese.jp\/vi\/contents\/wp-content\/themes\/msg-japanese\/images\/event4_2.jpg\/\"><img decoding=\"async\" src=\"https:\/\/www.msg-japanese.jp\/contents\/wp-content\/themes\/msg-japanese\/images\/event4_2.jpg\"><\/a><\/div>\n\t\t\t<div><a href=\"https:\/\/www.msg-japanese.jp\/vi\/contents\/wp-content\/themes\/msg-japanese\/images\/event4_3.jpg\/\"><img decoding=\"async\" src=\"https:\/\/www.msg-japanese.jp\/contents\/wp-content\/themes\/msg-japanese\/images\/event4_3.jpg\"><\/a><\/div>\n\t\t\t<div><a href=\"https:\/\/www.msg-japanese.jp\/vi\/contents\/wp-content\/themes\/msg-japanese\/images\/event4_4.jpg\/\"><img decoding=\"async\" src=\"https:\/\/www.msg-japanese.jp\/contents\/wp-content\/themes\/msg-japanese\/images\/event4_4.jpg\"><\/a><\/div>\n\t\t<\/div>\n\t<\/div>\n<\/div><\/p>","protected":false},"excerpt":{"rendered":"<p>\u5b66\u6821\u884c\u4e8b \u5165\u5b66\u5f0f (1\u30012\u5e74\u30b3\u30fc\u30b9) \u5bbf\u6cca\u7814\u4fee \u65e5\u672c\u7559\u5b66\u8a66\u9a13 \u5c4b\u5916\u7814\u4fee\u65e5\u672c\u8a9e\u80fd\u529b\u8a66\u9a13 \u590f\u4f11\u307f \u671f\u672b\u8a66\u9a13\u79cb\u4f11\u307f \u5165\u5b66\u5f0f (1.5\u5e74\u30b3\u30fc\u30b9) \u65e5\u672c\u7559\u5b66\u8a66\u9a13\u7403\u6280\u5927\u4f1a \u65e5\u672c\u8a9e\u80fd\u529b\u8a66\u9a13\u5c4b\u5916\u7814\u4fee\u5b66\u5712\u796d\u51ac\u4f11\u307f \u521d\u8a63\u30c6\u30fc\u30d6\u30eb\u30de\u30ca\u30fc \u671f\u672b\u8a66\u9a13\u3055\u3088\u306a\u3089\u30ec\u30af\u30ea\u30a8\u30fc\u30b7\u30e7\u30f3 \u5352\u696d\u5f0f\u6625\u4f11\u307f<\/p>","protected":false},"author":3,"featured_media":0,"parent":15,"menu_order":0,"comment_status":"closed","ping_status":"closed","template":"page-child.php","meta":{"footnotes":""},"class_list":["post-23","page","type-page","status-publish","hentry"],"_links":{"self":[{"href":"https:\/\/www.msg-japanese.jp\/vi\/wp-json\/wp\/v2\/pages\/23","targetHints":{"allow":["GET"]}}],"collection":[{"href":"https:\/\/www.msg-japanese.jp\/vi\/wp-json\/wp\/v2\/pages"}],"about":[{"href":"https:\/\/www.msg-japanese.jp\/vi\/wp-json\/wp\/v2\/types\/page"}],"author":[{"embeddable":true,"href":"https:\/\/www.msg-japanese.jp\/vi\/wp-json\/wp\/v2\/users\/3"}],"replies":[{"embeddable":true,"href":"https:\/\/www.msg-japanese.jp\/vi\/wp-json\/wp\/v2\/comments?post=23"}],"version-history":[{"count":0,"href":"https:\/\/www.msg-japanese.jp\/vi\/wp-json\/wp\/v2\/pages\/23\/revisions"}],"up":[{"embeddable":true,"href":"https:\/\/www.msg-japanese.jp\/vi\/wp-json\/wp\/v2\/pages\/15"}],"wp:attachment":[{"href":"https:\/\/www.msg-japanese.jp\/vi\/wp-json\/wp\/v2\/media?parent=23"}],"curies":[{"name":"trang web","href":"https:\/\/api.w.org\/{rel}","templated":true}]}}