{"id":10,"date":"2021-09-24T15:28:06","date_gmt":"2021-09-24T06:28:06","guid":{"rendered":"https:\/\/www.msg-japanese.jp\/?page_id=10"},"modified":"2026-02-27T18:19:41","modified_gmt":"2026-02-27T09:19:41","slug":"admission","status":"publish","type":"page","link":"https:\/\/www.msg-japanese.jp\/vi\/admission","title":{"rendered":"H\u01b0\u1edbng d\u1eabn tuy\u1ec3n sinh"},"content":{"rendered":"<p>\n<h2 class=\"t_sub m-t-0\">Ch\u1ea5p nh\u1eadn \u0111\u01a1n xin vi\u1ec7c<\/h2>\n<br \/>\n<table class=\"table_normal table_max table_center\">\n\t<thead class=\"bg_blue\">\n\t\t<tr>\n\t\t\t<th>kh\u00f3a h\u1ecdc<\/th>\n\t\t\t<th>Th\u1eddi gian ghi danh<\/th>\n\t\t\t<th>H\u1ea1n ch\u00f3t n\u1ed9p \u0111\u01a1n<\/th>\n\t\t<\/tr>\n\t<\/thead>\n\t<tbody>\n\t\t<tr>\n\t\t\t<td>Kh\u00f3a h\u1ecdc 1 n\u0103m<\/td>\n\t\t\t<td>Nh\u1eadp h\u1ecdc th\u00e1ng 4 \/ Nh\u1eadp h\u1ecdc th\u00e1ng 10<\/td>\n\t\t\t<td>\u0110\u1ea7u th\u00e1ng 11 \/ \u0110\u1ea7u th\u00e1ng 5<\/td>\n\t\t<\/tr>\n\t\t<tr>\n\t\t\t<td>Kh\u00f3a h\u1ecdc 2 n\u0103m<\/td>\n\t\t\t<td>Tuy\u1ec3n sinh th\u00e1ng 4<\/td>\n\t\t\t<td>\u0110\u1ea7u th\u00e1ng 11<\/td>\n\t\t<\/tr>\n\t\t<tr>\n\t\t\t<td>Kh\u00f3a h\u1ecdc 1,5 n\u0103m<\/td>\n\t\t\t<td>Tuy\u1ec3n sinh th\u00e1ng 10<\/td>\n\t\t\t<td>\u0110\u1ea7u th\u00e1ng 5<\/td>\n\t\t<\/tr>\n\t<\/tbody>\n<\/table>\n<br \/>\n<h2 class=\"t_sub\">\u0110i\u1ec1u ki\u1ec7n \u0111\u1ec3 n\u1ed9p \u0111\u01a1n<\/h2>\n<br \/>\n<ul class=\"list-icon-shiro icon-blue m-b-15\">\n\t<li>Nh\u1eefng ng\u01b0\u1eddi \u0111\u00e3 ho\u00e0n th\u00e0nh 12 n\u0103m h\u1ecdc ph\u1ed5 th\u00f4ng tr\u1edf l\u00ean ho\u1eb7c kh\u00f3a h\u1ecdc t\u01b0\u01a1ng \u0111\u01b0\u01a1ng.<\/li>\n\t<li>Ng\u01b0\u1eddi n\u1ed9p \u0111\u01a1n ph\u1ea3i c\u00f3 kh\u1ea3 n\u0103ng trang tr\u1ea3i h\u1ecdc ph\u00ed v\u00e0 chi ph\u00ed sinh ho\u1ea1t.<\/li>\n\t<li>Nh\u1eefng ng\u01b0\u1eddi \u0111\u00e3 ho\u1eb7c d\u1ef1 ki\u1ebfn s\u1ebd \u0111\u01b0\u1ee3c ph\u00e9p nh\u1eadp c\u1ea3nh v\u00e0o Nh\u1eadt B\u1ea3n theo \u0111\u00fang th\u1ee7 t\u1ee5c.<\/li>\n<\/ul>\n<br \/>\n<h2 class=\"t_sub\">H\u1ecdc ph\u00ed<\/h2>\n<br \/>\n<table class=\"table_normal table_center table_scroll table_max\">\n\t<thead class=\"bg_blue\">\n\t\t<tr>\n\t\t\t<th class=\"cell_fix\">kh\u00f3a h\u1ecdc<\/th>\n\t\t\t<th>Kh\u00f3a h\u1ecdc 1 n\u0103m<\/th>\n\t\t\t<th colspan=\"2\">Kh\u00f3a h\u1ecdc 1,5 n\u0103m<\/th>\n\t\t\t<th colspan=\"2\">Kh\u00f3a h\u1ecdc 2 n\u0103m<\/th>\n\t\t<\/tr>\n\t\t<tr>\n\t\t\t<th class=\"cell_fix\">Giai \u0111o\u1ea1n<\/th>\n\t\t\t<th>N\u0103m \u0111\u1ea7u ti\u00ean<br>(Th\u00e1ng 4 \u0111\u1ebfn th\u00e1ng 3 n\u0103m sau)<br>(Th\u00e1ng 10 \u0111\u1ebfn th\u00e1ng 9 n\u0103m sau)<\/th>\n\t\t\t<th>N\u0103m \u0111\u1ea7u ti\u00ean<br>(Th\u00e1ng 10 \u0111\u1ebfn th\u00e1ng 9 n\u0103m sau)<\/th>\n\t\t\t<th>N\u0103m th\u1ee9 hai<br>(Th\u00e1ng 10 \u0111\u1ebfn th\u00e1ng 3 n\u0103m sau)<\/th>\n\t\t\t<th>N\u0103m \u0111\u1ea7u ti\u00ean<br>(Th\u00e1ng 4 \u0111\u1ebfn th\u00e1ng 3 n\u0103m sau)<\/th>\n\t\t\t<th>N\u0103m th\u1ee9 hai<br>(Th\u00e1ng 4 \u0111\u1ebfn th\u00e1ng 3 n\u0103m sau)<\/th>\n\t\t<\/tr>\n\t<\/thead>\n\t<tbody>\n\t\t<tr>\n\t\t\t<th class=\"cell_fix\">L\u1ec7 ph\u00ed thi tuy\u1ec3n sinh<\/th>\n\t\t\t<td>20.000 y\u00ean<\/td>\n\t\t\t<td>20.000 y\u00ean<\/td>\n\t\t\t<td>-<\/td>\n\t\t\t<td>20.000 y\u00ean<\/td>\n\t\t\t<td>-<\/td>\n\t\t<\/tr>\n\t\t<tr>\n\t\t\t<th class=\"cell_fix\">Ph\u00ed nh\u1eadp h\u1ecdc<\/th>\n\t\t\t<td>\u00a540.000<\/td>\n\t\t\t<td>\u00a540.000<\/td>\n\t\t\t<td>-<\/td>\n\t\t\t<td>\u00a540.000<\/td>\n\t\t\t<td>-<\/td>\n\t\t<\/tr>\n\t\t<tr>\n\t\t\t<th class=\"cell_fix\">H\u1ecdc ph\u00ed<\/th>\n\t\t\t<td>570.000 y\u00ean<\/td>\n\t\t\t<td>570.000 y\u00ean<\/td>\n\t\t\t<td>285.000 y\u00ean<\/td>\n\t\t\t<td>570.000 y\u00ean<\/td>\n\t\t\t<td>570.000 y\u00ean<\/td>\n\t\t<\/tr>\n\t\t<tr>\n\t\t\t<th class=\"cell_fix\">Chi ph\u00ed kh\u00e1c<\/th>\n\t\t\t<td>\u00a5120.000<\/td>\n\t\t\t<td>\u00a5120.000<\/td>\n\t\t\t<td>60.000 y\u00ean<\/td>\n\t\t\t<td>\u00a5120.000<\/td>\n\t\t\t<td>\u00a5120.000<\/td>\n\t\t<\/tr>\n\t\t<tr>\n\t\t\t<th class=\"cell_fix\">t\u1ed5ng c\u1ed9ng<\/th>\n\t\t\t<td><strong>750.000 y\u00ean<\/strong><\/td>\n\t\t\t<td><strong>750.000 y\u00ean<\/strong><\/td>\n\t\t\t<td><strong>345.000 y\u00ean<\/strong><\/td>\n\t\t\t<td><strong>750.000 y\u00ean<\/strong><\/td>\n\t\t\t<td><strong>690.000 y\u00ean<\/strong><\/td>\n\t\t<\/tr>\n\t<\/tbody>\n<\/table>\n<br \/>\n<h2 class=\"t_sub\">\u0110\u01a1n xin nh\u1eadp h\u1ecdc, v.v.<\/h2>\n<br \/>\n<div class=\"tile a1-b1-c1-d2 am20\">\n\t<div><a href=\"https:\/\/www.msg-japanese.jp\/contents\/wp-content\/uploads\/2026\/02\/Applicationform_ver9.xlsx\" class=\"b_file\"><i class=\"icon-doc-text-inv-1\"><\/i>\u0110\u01a1n xin nh\u1eadp h\u1ecdc v\u00e0 h\u1ed7 tr\u1ee3 t\u00e0i ch\u00ednh [Excel]<\/a><\/div>\n\t<div><a href=\"https:\/\/www.msg-japanese.jp\/contents\/wp-content\/uploads\/2026\/02\/RequireddocumentslistinEnglish.pdf\" class=\"b_file\"><i class=\"icon-doc-text-inv-1\"><\/i>Danh s\u00e1ch t\u00e0i li\u1ec7u b\u1eaft bu\u1ed9c [PDF]<\/a><\/div>\n<\/div><\/p>","protected":false},"excerpt":{"rendered":"<p>Th\u1eddi gian \u0111\u0103ng k\u00fd kh\u00f3a h\u1ecdc H\u1ea1n n\u1ed9p \u0111\u01a1n Kh\u00f3a h\u1ecdc 1 n\u0103m: Nh\u1eadp h\u1ecdc th\u00e1ng 4 \/ Nh\u1eadp h\u1ecdc th\u00e1ng 10: \u0110\u1ea7u th\u00e1ng 11 \/ \u0110\u1ea7u th\u00e1ng 5 Kh\u00f3a h\u1ecdc 2 n\u0103m: Nh\u1eadp h\u1ecdc th\u00e1ng 4: \u0110\u1ea7u th\u00e1ng 11 Kh\u00f3a h\u1ecdc 1,5 n\u0103m: Nh\u1eadp h\u1ecdc th\u00e1ng 10: \u0110\u1ea7u th\u00e1ng 5 \u0110i\u1ec1u ki\u1ec7n \u0111\u0103ng k\u00fd: Ng\u01b0\u1eddi \u0111\u0103ng k\u00fd ph\u1ea3i ho\u00e0n th\u00e0nh 12 n\u0103m h\u1ecdc tr\u1edf l\u00ean ho\u1eb7c kh\u00f3a h\u1ecdc t\u01b0\u01a1ng \u0111\u01b0\u01a1ng. Ph\u1ea3i c\u00f3 kh\u1ea3 n\u0103ng chi tr\u1ea3 h\u1ecdc ph\u00ed v\u00e0 chi ph\u00ed sinh ho\u1ea1t. Ph\u1ea3i \u0111\u01b0\u1ee3c c\u1ea5p ho\u1eb7c d\u1ef1 ki\u1ebfn \u0111\u01b0\u1ee3c c\u1ea5p ph\u00e9p nh\u1eadp c\u1ea3nh v\u00e0o Nh\u1eadt B\u1ea3n theo \u0111\u00fang th\u1ee7 t\u1ee5c. H\u1ecdc ph\u00ed Kh\u00f3a h\u1ecdc Kh\u00f3a h\u1ecdc 1 n\u0103m Kh\u00f3a h\u1ecdc 1,5 n\u0103m Kh\u00f3a h\u1ecdc 2 n\u0103m Th\u1eddi gian N\u0103m 1 (Th\u00e1ng 4 - Th\u00e1ng 3 n\u0103m sau) (Th\u00e1ng 10 - Th\u00e1ng 9 n\u0103m sau) N\u0103m 1 (Th\u00e1ng 10 - Th\u00e1ng 9 n\u0103m sau) N\u0103m 2 (Th\u00e1ng 10 - Th\u00e1ng 3 n\u0103m sau) N\u0103m 1 (Th\u00e1ng 4 - Th\u00e1ng 3 n\u0103m sau) N\u0103m 2 (Th\u00e1ng 4 - Th\u00e1ng 3 n\u0103m sau) L\u1ec7 ph\u00ed thi tuy\u1ec3n sinh \u00a520...<\/p>","protected":false},"author":3,"featured_media":0,"parent":0,"menu_order":0,"comment_status":"closed","ping_status":"closed","template":"","meta":{"footnotes":""},"class_list":["post-10","page","type-page","status-publish","hentry"],"_links":{"self":[{"href":"https:\/\/www.msg-japanese.jp\/vi\/wp-json\/wp\/v2\/pages\/10","targetHints":{"allow":["GET"]}}],"collection":[{"href":"https:\/\/www.msg-japanese.jp\/vi\/wp-json\/wp\/v2\/pages"}],"about":[{"href":"https:\/\/www.msg-japanese.jp\/vi\/wp-json\/wp\/v2\/types\/page"}],"author":[{"embeddable":true,"href":"https:\/\/www.msg-japanese.jp\/vi\/wp-json\/wp\/v2\/users\/3"}],"replies":[{"embeddable":true,"href":"https:\/\/www.msg-japanese.jp\/vi\/wp-json\/wp\/v2\/comments?post=10"}],"version-history":[{"count":0,"href":"https:\/\/www.msg-japanese.jp\/vi\/wp-json\/wp\/v2\/pages\/10\/revisions"}],"wp:attachment":[{"href":"https:\/\/www.msg-japanese.jp\/vi\/wp-json\/wp\/v2\/media?parent=10"}],"curies":[{"name":"trang web","href":"https:\/\/api.w.org\/{rel}","templated":true}]}}